{"id":684,"date":"2024-04-29T16:41:16","date_gmt":"2024-04-29T16:41:16","guid":{"rendered":"https:\/\/gti-tunisie.com\/?page_id=684"},"modified":"2024-05-22T17:01:08","modified_gmt":"2024-05-22T17:01:08","slug":"logistique-et-distribution","status":"publish","type":"page","link":"https:\/\/gti-tunisie.com\/en\/logistique-et-distribution\/","title":{"rendered":"Logistics and distribution"},"content":{"rendered":"<style>\/*! elementor - v3.21.0 - 08-05-2024 *\/\n.elementor-heading-title{padding:0;margin:0;line-height:1}.elementor-widget-heading .elementor-heading-title[class*=elementor-size-]>a{color:inherit;font-size:inherit;line-height:inherit}.elementor-widget-heading .elementor-heading-title.elementor-size-small{font-size:15px}.elementor-widget-heading .elementor-heading-title.elementor-size-medium{font-size:19px}.elementor-widget-heading .elementor-heading-title.elementor-size-large{font-size:29px}.elementor-widget-heading .elementor-heading-title.elementor-size-xl{font-size:39px}.elementor-widget-heading .elementor-heading-title.elementor-size-xxl{font-size:59px}<\/style>\n<h2>Logistics and distribution<\/h2>\n<style>\/*! elementor - v3.21.0 - 08-05-2024 *\/\n.elementor-column .elementor-spacer-inner{height:var(--spacer-size)}.e-con{--container-widget-width:100%}.e-con-inner>.elementor-widget-spacer,.e-con>.elementor-widget-spacer{width:var(--container-widget-width,var(--spacer-size));--align-self:var(--container-widget-align-self,initial);--flex-shrink:0}.e-con-inner>.elementor-widget-spacer>.elementor-widget-container,.e-con>.elementor-widget-spacer>.elementor-widget-container{height:100%;width:100%}.e-con-inner>.elementor-widget-spacer>.elementor-widget-container>.elementor-spacer,.e-con>.elementor-widget-spacer>.elementor-widget-container>.elementor-spacer{height:100%}.e-con-inner>.elementor-widget-spacer>.elementor-widget-container>.elementor-spacer>.elementor-spacer-inner,.e-con>.elementor-widget-spacer>.elementor-widget-container>.elementor-spacer>.elementor-spacer-inner{height:var(--container-widget-height,var(--spacer-size))}.e-con-inner>.elementor-widget-spacer.elementor-widget-empty,.e-con>.elementor-widget-spacer.elementor-widget-empty{position:relative;min-height:22px;min-width:22px}.e-con-inner>.elementor-widget-spacer.elementor-widget-empty .elementor-widget-empty-icon,.e-con>.elementor-widget-spacer.elementor-widget-empty .elementor-widget-empty-icon{position:absolute;top:0;bottom:0;left:0;right:0;margin:auto;padding:0;width:22px;height:22px}<\/style>\n<p>Notre \u00e9quipe d\u00e9tecte vos probl\u00e8mes et anticipe vos besoins logistiques pour vous fournir les solutions les plus adapt\u00e9es contribuant la valeur ajouter \u00e0 votre entreprise.<\/p>\n<p>Quel que soit votre secteur d\u2019activit\u00e9,<strong> G.T.I.<\/strong> vous propose des solutions de stockage et de distribution d\u00e9di\u00e9es ou partag\u00e9es afin de vous permettre de tenir vos engagements envers vos clients.<\/p>\n<h2>Emplacement strat\u00e9gique<\/h2>\n<p>Emplacement proche du port et des bureaux de douane<\/p>\n<p>Plus de 3000 m2 d\u2019entrep\u00f4ts \u00e0 Rad\u00e9s,1500m2 \u00e0 Sousse et 3000m2 \u00e0 sfax pr\u00eats \u00e0 accueillir tout type de produit et marchandises.<\/p>\n<p>Nos \u00e9quipements sont adapt\u00e9s \u00e0 chaque nature de produit pour :<\/p>\n<ul>\n<li>\u2022 Le stockage de masse,<\/li>\n<li>\u2022 Le stockage en vrac,<\/li>\n<li>\u2022 Le stockage sous temp\u00e9rature contr\u00f4l\u00e9e.<\/li>\n<\/ul>\n<h2>Magasin c\u00e2le et \u00e9quipements<\/h2>\n<p>Pour optimiser tous les flux logistiques de nos clients et leur offrir un seul vis-\u00e0-vis et r\u00e9duire au maximum les d\u00e9lais d\u2019attente, GTI a investi lourdement dans ses propres magasins c\u00e2les; construits et con\u00e7ues conform\u00e9ment aux exigences les plus strictes en termes de s\u00e9curit\u00e9, d&rsquo;hygi\u00e8ne et d&rsquo;environnement, et pr\u00eats \u00e0 accueillir tout type de marchandises \u00e0 l&rsquo;importation et \u00e0 l&rsquo;exportation, ce qui facilite le processus de d\u00e9douanement et d\u2019enl\u00e8vement.<\/p>\n<h2>Commissionnaire en douane<\/h2>\n<p>Notre \u00e9quipe, forte de trois d\u00e9cennies d&rsquo;expertise et de connaissances, est pr\u00eate \u00e0 vous accompagner dans toutes vos d\u00e9marches de d\u00e9douanement \u00e0 l&rsquo;importation et \u00e0 l&rsquo;exportation, en vous fournissant des services douaniers complets.<\/p>\n<p>Nous avons un acc\u00e8s direct au syst\u00e8me informatique douanier \u00ab SINDA \u00bb et au r\u00e9seau TTN \u00e0 travers notre r\u00e9seau d&rsquo;une dizaine de postes informatiques. Notre site est compos\u00e9 des d\u00e9clarants et agents exp\u00e9riment\u00e9s qui ont acquis une r\u00e9putation louable aupr\u00e8s des autorit\u00e9s douani\u00e8res pour leur professionnalisme et leur diligence dans le contr\u00f4le des d\u00e9clarations. <\/p>\n<p>Notre service de d\u00e9douanement est continuellement disponible tous les jours de la semaine, couvrant l&rsquo;ensemble du pays.<\/p>","protected":false},"excerpt":{"rendered":"<p>Logistique et distribution Notre \u00e9quipe d\u00e9tecte vos probl\u00e8mes et anticipe vos besoins logistiques pour vous fournir les solutions les plus adapt\u00e9es contribuant la valeur ajouter \u00e0 votre entreprise. Quel que soit votre secteur d\u2019activit\u00e9, G.T.I. vous propose des solutions de stockage et de distribution d\u00e9di\u00e9es ou partag\u00e9es afin de vous permettre de tenir vos engagements [&hellip;]<\/p>","protected":false},"author":1,"featured_media":0,"parent":0,"menu_order":0,"comment_status":"closed","ping_status":"closed","template":"","meta":{"footnotes":""},"class_list":["post-684","page","type-page","status-publish","hentry"],"_links":{"self":[{"href":"https:\/\/gti-tunisie.com\/en\/wp-json\/wp\/v2\/pages\/684","targetHints":{"allow":["GET"]}}],"collection":[{"href":"https:\/\/gti-tunisie.com\/en\/wp-json\/wp\/v2\/pages"}],"about":[{"href":"https:\/\/gti-tunisie.com\/en\/wp-json\/wp\/v2\/types\/page"}],"author":[{"embeddable":true,"href":"https:\/\/gti-tunisie.com\/en\/wp-json\/wp\/v2\/users\/1"}],"replies":[{"embeddable":true,"href":"https:\/\/gti-tunisie.com\/en\/wp-json\/wp\/v2\/comments?post=684"}],"version-history":[{"count":19,"href":"https:\/\/gti-tunisie.com\/en\/wp-json\/wp\/v2\/pages\/684\/revisions"}],"predecessor-version":[{"id":944,"href":"https:\/\/gti-tunisie.com\/en\/wp-json\/wp\/v2\/pages\/684\/revisions\/944"}],"wp:attachment":[{"href":"https:\/\/gti-tunisie.com\/en\/wp-json\/wp\/v2\/media?parent=684"}],"curies":[{"name":"wp","href":"https:\/\/api.w.org\/{rel}","templated":true}]}}