{"id":678,"date":"2024-04-29T16:37:33","date_gmt":"2024-04-29T16:37:33","guid":{"rendered":"https:\/\/gti-tunisie.com\/?page_id=678"},"modified":"2024-04-29T16:39:20","modified_gmt":"2024-04-29T16:39:20","slug":"transport-aerien","status":"publish","type":"page","link":"https:\/\/gti-tunisie.com\/en\/transport-aerien\/","title":{"rendered":"Air transport"},"content":{"rendered":"<style>\/*! elementor - v3.14.0 - 26-06-2023 *\/\n.elementor-heading-title{padding:0;margin:0;line-height:1}.elementor-widget-heading .elementor-heading-title[class*=elementor-size-]>a{color:inherit;font-size:inherit;line-height:inherit}.elementor-widget-heading .elementor-heading-title.elementor-size-small{font-size:15px}.elementor-widget-heading .elementor-heading-title.elementor-size-medium{font-size:19px}.elementor-widget-heading .elementor-heading-title.elementor-size-large{font-size:29px}.elementor-widget-heading .elementor-heading-title.elementor-size-xl{font-size:39px}.elementor-widget-heading .elementor-heading-title.elementor-size-xxl{font-size:59px}<\/style>\n<h2>Air transport<\/h2>\n<p>Notre bureau \u00e0 l\u2019A\u00e9roport Carthage Tunis organise quotidiennement des exp\u00e9ditions gr\u00e2ce \u00e0 une offre de services logistiques globale et propose des solutions personnalis\u00e9es avec le meilleur compromis entre co\u00fbts et d\u00e9lais pour satisfaire l\u2019exigence de ses clients.<\/p>\n<p>En tant qu\u2019agent agr\u00e9\u00e9 IATA, et membre W.L.A. on assure une liaison entre les plus grands a\u00e9roports dans le monde. <\/p>\n<p>Notre premier objectif est d\u2019optimiser de fa\u00e7on mesurable et durable la chaine d\u2019approvisionnement de nos clients.<\/p>\n<ul>\n<li>Fret express (Import &amp; Export)<\/li>\n<li>Livraison (door to door)<\/li>\n<li>D\u00e9douanement Import &amp; Export<\/li>\n<li>Marchandises dangereuses et frigorifi\u00e9es<\/li>\n<\/ul>","protected":false},"excerpt":{"rendered":"<p>Transport a\u00e9rien Notre bureau \u00e0 l\u2019A\u00e9roport Carthage Tunis organise quotidiennement des exp\u00e9ditions gr\u00e2ce \u00e0 une offre de services logistiques globale et propose des solutions personnalis\u00e9es avec le meilleur compromis entre co\u00fbts et d\u00e9lais pour satisfaire l\u2019exigence de ses clients. En tant qu\u2019agent agr\u00e9\u00e9 IATA, et membre W.L.A. on assure une liaison entre les plus grands [&hellip;]<\/p>","protected":false},"author":1,"featured_media":0,"parent":0,"menu_order":0,"comment_status":"closed","ping_status":"closed","template":"","meta":{"footnotes":""},"class_list":["post-678","page","type-page","status-publish","hentry"],"_links":{"self":[{"href":"https:\/\/gti-tunisie.com\/en\/wp-json\/wp\/v2\/pages\/678","targetHints":{"allow":["GET"]}}],"collection":[{"href":"https:\/\/gti-tunisie.com\/en\/wp-json\/wp\/v2\/pages"}],"about":[{"href":"https:\/\/gti-tunisie.com\/en\/wp-json\/wp\/v2\/types\/page"}],"author":[{"embeddable":true,"href":"https:\/\/gti-tunisie.com\/en\/wp-json\/wp\/v2\/users\/1"}],"replies":[{"embeddable":true,"href":"https:\/\/gti-tunisie.com\/en\/wp-json\/wp\/v2\/comments?post=678"}],"version-history":[{"count":4,"href":"https:\/\/gti-tunisie.com\/en\/wp-json\/wp\/v2\/pages\/678\/revisions"}],"predecessor-version":[{"id":683,"href":"https:\/\/gti-tunisie.com\/en\/wp-json\/wp\/v2\/pages\/678\/revisions\/683"}],"wp:attachment":[{"href":"https:\/\/gti-tunisie.com\/en\/wp-json\/wp\/v2\/media?parent=678"}],"curies":[{"name":"wp","href":"https:\/\/api.w.org\/{rel}","templated":true}]}}