{"id":559,"date":"2024-04-26T11:53:53","date_gmt":"2024-04-26T11:53:53","guid":{"rendered":"https:\/\/gti-tunisie.com\/?page_id=559"},"modified":"2024-05-22T16:58:09","modified_gmt":"2024-05-22T16:58:09","slug":"activite-et-services","status":"publish","type":"page","link":"https:\/\/gti-tunisie.com\/en\/activite-et-services\/","title":{"rendered":"Activities and services"},"content":{"rendered":"<style>\/*! elementor - v3.21.0 - 08-05-2024 *\/\n.elementor-heading-title{padding:0;margin:0;line-height:1}.elementor-widget-heading .elementor-heading-title[class*=elementor-size-]>a{color:inherit;font-size:inherit;line-height:inherit}.elementor-widget-heading .elementor-heading-title.elementor-size-small{font-size:15px}.elementor-widget-heading .elementor-heading-title.elementor-size-medium{font-size:19px}.elementor-widget-heading .elementor-heading-title.elementor-size-large{font-size:29px}.elementor-widget-heading .elementor-heading-title.elementor-size-xl{font-size:39px}.elementor-widget-heading .elementor-heading-title.elementor-size-xxl{font-size:59px}<\/style>\n<h2>Activities<\/h2>\n<h2>&#038; services<\/h2>\n<link rel=\"stylesheet\" href=\"https:\/\/gti-tunisie.com\/wp-content\/plugins\/elementor\/assets\/css\/widget-icon-list.min.css\">\n<ul>\n<li>\n\t\t\t\t\t\t\t\t\t\tNational and international transport\n\t\t\t\t\t\t\t\t\t<\/li>\n<li>\n\t\t\t\t\t\t\t\t\t\tBonded warehouse operations\n\t\t\t\t\t\t\t\t\t<\/li>\n<li>\n\t\t\t\t\t\t\t\t\t\tExploitation de magasins sous douane \u00e0 temp\u00e9rature contr\u00f4l\u00e9e\n\t\t\t\t\t\t\t\t\t<\/li>\n<li>\n\t\t\t\t\t\t\t\t\t\tHome delivery\n\t\t\t\t\t\t\t\t\t<\/li>\n<li>\n\t\t\t\t\t\t\t\t\t\tCustoms clearance\n\t\t\t\t\t\t\t\t\t<\/li>\n<li>\n\t\t\t\t\t\t\t\t\t\tTransit\n\t\t\t\t\t\t\t\t\t<\/li>\n<\/ul>\n<h2>GTI propose toute op\u00e9ration d&rsquo;Import-Export:<\/h2>\n<ul>\n<li>\n\t\t\t\t\t\t\t\t\t\tConventional\n\t\t\t\t\t\t\t\t\t<\/li>\n<li>\n\t\t\t\t\t\t\t\t\t\tGroupage: Containers and trailers\n\t\t\t\t\t\t\t\t\t<\/li>\n<li>\n\t\t\t\t\t\t\t\t\t\tFull containers\n\t\t\t\t\t\t\t\t\t<\/li>\n<li>\n\t\t\t\t\t\t\t\t\t\tFull trailers\n\t\t\t\t\t\t\t\t\t<\/li>\n<li>\n\t\t\t\t\t\t\t\t\t\t             Towing from any source to any destination\n\t\t\t\t\t\t\t\t\t<\/li>\n<li>\n\t\t\t\t\t\t\t\t\t\tAir Freight\n\t\t\t\t\t\t\t\t\t<\/li>\n<li>\n\t\t\t\t\t\t\t\t\t\tTransit\n\t\t\t\t\t\t\t\t\t<\/li>\n<li>\n\t\t\t\t\t\t\t\t\t\tAffr\u00e8tement\n\t\t\t\t\t\t\t\t\t<\/li>\n<\/ul>\n<h2>Lignes: toute op\u00e9ration d&rsquo;Import &#8211; Export en provenance et \u00e0 destination de:<br \/>\n<\/h2>\n<ul>\n<li>\n\t\t\t\t\t\t\t\t\t\tEurope\n\t\t\t\t\t\t\t\t\t<\/li>\n<li>\n\t\t\t\t\t\t\t\t\t\tAsia\n\t\t\t\t\t\t\t\t\t<\/li>\n<li>\n\t\t\t\t\t\t\t\t\t\tAfrica\n\t\t\t\t\t\t\t\t\t<\/li>\n<li>\n\t\t\t\t\t\t\t\t\t\tAmerica\n\t\t\t\t\t\t\t\t\t<\/li>\n<li>\n\t\t\t\t\t\t\t\t\t\tCanada\n\t\t\t\t\t\t\t\t\t<\/li>\n<\/ul>\n<style>\/*! elementor - v3.21.0 - 08-05-2024 *\/\n.elementor-column .elementor-spacer-inner{height:var(--spacer-size)}.e-con{--container-widget-width:100%}.e-con-inner>.elementor-widget-spacer,.e-con>.elementor-widget-spacer{width:var(--container-widget-width,var(--spacer-size));--align-self:var(--container-widget-align-self,initial);--flex-shrink:0}.e-con-inner>.elementor-widget-spacer>.elementor-widget-container,.e-con>.elementor-widget-spacer>.elementor-widget-container{height:100%;width:100%}.e-con-inner>.elementor-widget-spacer>.elementor-widget-container>.elementor-spacer,.e-con>.elementor-widget-spacer>.elementor-widget-container>.elementor-spacer{height:100%}.e-con-inner>.elementor-widget-spacer>.elementor-widget-container>.elementor-spacer>.elementor-spacer-inner,.e-con>.elementor-widget-spacer>.elementor-widget-container>.elementor-spacer>.elementor-spacer-inner{height:var(--container-widget-height,var(--spacer-size))}.e-con-inner>.elementor-widget-spacer.elementor-widget-empty,.e-con>.elementor-widget-spacer.elementor-widget-empty{position:relative;min-height:22px;min-width:22px}.e-con-inner>.elementor-widget-spacer.elementor-widget-empty .elementor-widget-empty-icon,.e-con>.elementor-widget-spacer.elementor-widget-empty .elementor-widget-empty-icon{position:absolute;top:0;bottom:0;left:0;right:0;margin:auto;padding:0;width:22px;height:22px}<\/style>\n<h2>Nos correspondants<\/h2>\n<style>\/*! elementor - v3.21.0 - 08-05-2024 *\/\n.elementor-toggle{text-align:start}.elementor-toggle .elementor-tab-title{font-weight:700;line-height:1;margin:0;padding:15px;border-bottom:1px solid #d5d8dc;cursor:pointer;outline:none}.elementor-toggle .elementor-tab-title .elementor-toggle-icon{display:inline-block;width:1em}.elementor-toggle .elementor-tab-title .elementor-toggle-icon svg{margin-inline-start:-5px;width:1em;height:1em}.elementor-toggle .elementor-tab-title .elementor-toggle-icon.elementor-toggle-icon-right{float:right;text-align:right}.elementor-toggle .elementor-tab-title .elementor-toggle-icon.elementor-toggle-icon-left{float:left;text-align:left}.elementor-toggle .elementor-tab-title .elementor-toggle-icon .elementor-toggle-icon-closed{display:block}.elementor-toggle .elementor-tab-title .elementor-toggle-icon .elementor-toggle-icon-opened{display:none}.elementor-toggle .elementor-tab-title.elementor-active{border-bottom:none}.elementor-toggle .elementor-tab-title.elementor-active .elementor-toggle-icon-closed{display:none}.elementor-toggle .elementor-tab-title.elementor-active .elementor-toggle-icon-opened{display:block}.elementor-toggle .elementor-tab-content{padding:15px;border-bottom:1px solid #d5d8dc;display:none}@media (max-width:767px){.elementor-toggle .elementor-tab-title{padding:12px}.elementor-toggle .elementor-tab-content{padding:12px 10px}}.e-con-inner>.elementor-widget-toggle,.e-con>.elementor-widget-toggle{width:var(--container-widget-width);--flex-grow:var(--container-widget-flex-grow)}<\/style>\n<p>\t\t\t\t\t\t\t\t\t\t\t\t<a tabindex=\"0\">BONGIORNO SRL<\/a><\/p>\n<p><b>Via Mrsala,40\/C (Varese) Italy<\/b><\/p>\n<p><strong>T\u00e9l:<\/strong> 00 39 033 17 76 334.<br \/><strong>Fax:<\/strong> 00 39 033 17 93\u00a0873.<\/p>\n<p><strong>E-mail: <\/strong>bongiorno@bongiornosrl.com<\/p>\n<p>\t\t\t\t\t\t\t\t\t\t\t\t<a tabindex=\"0\">BONGIORNO France<\/a><\/p>\n<p><b>35 BD du capitaine G\u00e8ze-Batiment 3A <\/b><b>&#8211;<\/b><b>13014 &#8211; <\/b><b>Marseille<\/b><\/p>\n<p><strong>T\u00e9l:<\/strong> 0033 04 91 03 00 84.<br \/><strong>Fax:<\/strong> 0033 04 91 60 52 21.<br \/><strong>E-mail:\u00a0<\/strong> <a href=\"\/en\/\"mailto:\/\">france@bongiornosrl.com<\/a><\/p>\n<p>\t\t\t\t\t\t\t\t\t\t\t\t<a tabindex=\"0\">BONGIORNO Espagne<\/a><\/p>\n<p><b>Avda Ports d\u2019Europa 100Ed. <\/b><\/p>\n<p><b>Service center, Planta 1 of<\/b><b>.<\/b><b> 18- 08040 Barcelona- Espana<\/b><b><br \/><\/b><br \/><strong>T\u00e9l:<\/strong> 00 34 93 26 18 550.<br \/><strong>Fax:<\/strong> 00 34 93 26 18\u00a0552.<\/p>\n<p><strong>E-mail:\u00a0<\/strong> <a href=\"\/en\/\"mailto:espagne\/\">espagne@bongiornosrl.com<\/a><\/p>\n<p>\t\t\t\t\t\t\t\t\t\t\t\t<a tabindex=\"0\">SMART SLCS<\/a><\/p>\n<p><b>HEINDKAMPSWEG 44 20097 HAMBURG<\/b><\/p>\n<p><a href=\"mailto:operations@slcs-germany.de\">operations@slcs-germany.de<\/a><\/p>\n<p>\t\t\t\t\t\t\t\t\t\t\t\t<a tabindex=\"0\">EAF MARSEILLE<\/a><\/p>\n<p><b>160 Chemin Madrague ville &#8211; 13015<\/b> <strong>Marseille<\/strong><b>\u00a0&#8211; France<\/b><\/p>\n<p><a href=\"\/en\/\"mailto:\/\">dgeafseacargo@gmail.com<\/a><\/p>\n<p>\t\t\t\t\t\t\t\t\t\t\t\t<a tabindex=\"0\">NORA<\/a><\/p>\n<p><b>ISTANBUL TICARET SARAYI N\u00b0108 3 TURKEY<\/b><\/p>\n<p><a href=\"mailto:hmiladi@gti-sfax.com.tn\">hmiladi@gti-sfax.com.tn<\/a><\/p>\n<p>\t\t\t\t\t\t\t\t\t\t\t\t<a tabindex=\"0\">NMT LOGISTICS<\/a><\/p>\n<p><b>ISTANBUL &#8211; TURKEY<\/b><\/p>\n<p><a href=\"mailto:hmiladi@gti-sfax.com.tn\">hmiladi@gti-sfax.com.tn<\/a><\/p>\n<p>\t\t\t\t\t\t\t\t\t\t\t\t<a tabindex=\"0\">SHINE KOO<\/a><\/p>\n<p><b>1606, 16th Floor, Zhujiang International Center,\u00a0<\/b> <b>Longxiang street, Longgang District, Shenzhen, Guangdong, China<\/b><\/p>\n<p><a href=\"\/en\/\"mailto:\/\">hmiladi@gti-sfax.com.tn<\/a><\/p>\n<p>\t\t\t\t\t\t\t\t\t\t\t\t<a tabindex=\"0\">CHARLES DELANOY<\/a><\/p>\n<p><b>MARSEILLE \/ MOUVAUX 526 RUE TOURCOING MOUVAUX &#8211; France<\/b><\/p>\n<p><a href=\"\/en\/\"mailto:\/\">thierry@delannoytrans.fr<\/a><\/p>","protected":false},"excerpt":{"rendered":"<p>Activit\u00e9s &#038; services Transport national et international Exploitation des magasins sous douane Exploitation de magasins sous douane \u00e0 temp\u00e9rature contr\u00f4l\u00e9e Livraison \u00e0 domicile D\u00e9douanement Transit GTI propose toute op\u00e9ration d&rsquo;Import-Export: Conventionnel Groupage : Containers et Remorque Containers complets Remorques compl\u00e8tes Tractage toute provenance et toute destination Fret A\u00e9rien Transit Affr\u00e8tement Lignes: toute op\u00e9ration d&rsquo;Import &#8211; [&hellip;]<\/p>","protected":false},"author":1,"featured_media":0,"parent":0,"menu_order":0,"comment_status":"closed","ping_status":"closed","template":"","meta":{"footnotes":""},"class_list":["post-559","page","type-page","status-publish","hentry"],"_links":{"self":[{"href":"https:\/\/gti-tunisie.com\/en\/wp-json\/wp\/v2\/pages\/559","targetHints":{"allow":["GET"]}}],"collection":[{"href":"https:\/\/gti-tunisie.com\/en\/wp-json\/wp\/v2\/pages"}],"about":[{"href":"https:\/\/gti-tunisie.com\/en\/wp-json\/wp\/v2\/types\/page"}],"author":[{"embeddable":true,"href":"https:\/\/gti-tunisie.com\/en\/wp-json\/wp\/v2\/users\/1"}],"replies":[{"embeddable":true,"href":"https:\/\/gti-tunisie.com\/en\/wp-json\/wp\/v2\/comments?post=559"}],"version-history":[{"count":43,"href":"https:\/\/gti-tunisie.com\/en\/wp-json\/wp\/v2\/pages\/559\/revisions"}],"predecessor-version":[{"id":935,"href":"https:\/\/gti-tunisie.com\/en\/wp-json\/wp\/v2\/pages\/559\/revisions\/935"}],"wp:attachment":[{"href":"https:\/\/gti-tunisie.com\/en\/wp-json\/wp\/v2\/media?parent=559"}],"curies":[{"name":"wp","href":"https:\/\/api.w.org\/{rel}","templated":true}]}}