{"id":505,"date":"2023-10-16T16:55:33","date_gmt":"2023-10-16T16:55:33","guid":{"rendered":"https:\/\/gti-tunisie.com\/?page_id=505"},"modified":"2024-12-20T10:23:17","modified_gmt":"2024-12-20T10:23:17","slug":"groupage-aerien","status":"publish","type":"page","link":"https:\/\/gti-tunisie.com\/en\/groupage-aerien\/","title":{"rendered":"Air groupage"},"content":{"rendered":"<style>\/*! elementor - v3.21.0 - 08-05-2024 *\/\n.elementor-heading-title{padding:0;margin:0;line-height:1}.elementor-widget-heading .elementor-heading-title[class*=elementor-size-]>a{color:inherit;font-size:inherit;line-height:inherit}.elementor-widget-heading .elementor-heading-title.elementor-size-small{font-size:15px}.elementor-widget-heading .elementor-heading-title.elementor-size-medium{font-size:19px}.elementor-widget-heading .elementor-heading-title.elementor-size-large{font-size:29px}.elementor-widget-heading .elementor-heading-title.elementor-size-xl{font-size:39px}.elementor-widget-heading .elementor-heading-title.elementor-size-xxl{font-size:59px}<\/style>\n<h2>Air groupage<\/h2>\n<p>Nous vous invitons \u00e0 remplir le formulaire ci-dessous. Cette demande est sans engagement de votre part et nos devis sont r\u00e9alis\u00e9s gratuitement.<\/p>\n<p>Merci de nous laisser vos coordonn\u00e9es compl\u00e8tes pour que l\u2019on puisse donner facilement suite \u00e0 votre demande.<\/p>","protected":false},"excerpt":{"rendered":"<p>Groupage a\u00e9rien Nous vous invitons \u00e0 remplir le formulaire ci-dessous. Cette demande est sans engagement de votre part et nos devis sont r\u00e9alis\u00e9s gratuitement. Merci de nous laisser vos coordonn\u00e9es compl\u00e8tes pour que l\u2019on puisse donner facilement suite \u00e0 votre demande.<\/p>","protected":false},"author":1,"featured_media":0,"parent":0,"menu_order":0,"comment_status":"closed","ping_status":"closed","template":"","meta":{"footnotes":""},"class_list":["post-505","page","type-page","status-publish","hentry"],"_links":{"self":[{"href":"https:\/\/gti-tunisie.com\/en\/wp-json\/wp\/v2\/pages\/505","targetHints":{"allow":["GET"]}}],"collection":[{"href":"https:\/\/gti-tunisie.com\/en\/wp-json\/wp\/v2\/pages"}],"about":[{"href":"https:\/\/gti-tunisie.com\/en\/wp-json\/wp\/v2\/types\/page"}],"author":[{"embeddable":true,"href":"https:\/\/gti-tunisie.com\/en\/wp-json\/wp\/v2\/users\/1"}],"replies":[{"embeddable":true,"href":"https:\/\/gti-tunisie.com\/en\/wp-json\/wp\/v2\/comments?post=505"}],"version-history":[{"count":16,"href":"https:\/\/gti-tunisie.com\/en\/wp-json\/wp\/v2\/pages\/505\/revisions"}],"predecessor-version":[{"id":1092,"href":"https:\/\/gti-tunisie.com\/en\/wp-json\/wp\/v2\/pages\/505\/revisions\/1092"}],"wp:attachment":[{"href":"https:\/\/gti-tunisie.com\/en\/wp-json\/wp\/v2\/media?parent=505"}],"curies":[{"name":"wp","href":"https:\/\/api.w.org\/{rel}","templated":true}]}}